{"id":303,"date":"2009-04-30T09:43:27","date_gmt":"2009-04-30T08:43:27","guid":{"rendered":"http:\/\/www.parquetemoquette.it\/blog\/?page_id=303"},"modified":"2020-04-07T08:31:21","modified_gmt":"2020-04-07T07:31:21","slug":"i-nostri-negozi","status":"publish","type":"page","link":"https:\/\/www.parquetemoquette.it\/blog\/index.php\/i-nostri-negozi\/","title":{"rendered":"Stocchisti Parquet"},"content":{"rendered":"<p>Stocchisti <a title=\"Parquet Milano\" href=\"https:\/\/www.parquetemoquette.it\/\">Parquet Milano<\/a> \u00e8 esperto in vendita pavimenti in legno e realt\u00e0 aziendale leader in italia nell&#8217;import e nella vendita di <a title=\"parquet prefiniti milano\" href=\"https:\/\/www.parquetemoquette.it\/parquet_prefiniti.php\">parquet prefiniti<\/a> e tradizonali.<\/p>\n<p><strong>Stocchisti \u00e8 Nata nel 1970<\/strong> dall&#8217;idea del suo fondatore, il Sig. Gianfranco Rota che sotto il nome di Magazzino della Moquette, <em>nel negozio storico di Viale Campania 7<\/em> a Milano si \u00e8 poi allargata, grazie anche all&#8217;entrata in azienda dei suoi due figli Giuliano e Maddalena, con un altro showroom sempre a Milano in viale Nazario Sauro, uno nell&#8217;hinterland ovest milanese a Corsico in Viale Italia lungo al Vigevanese e infine un altro punto vendita a Bergamo e altri due a Roma.<\/p>\n<p>Oltre che puntare su un <strong>rapporto qualit\u00e0 \/ prezzo imbattibile<\/strong> Stocchisti Parquet \u00e8 in grado di offrire un servizio altamente qualificato ed economico di posa in opera dei suoi pavimenti.<\/p>\n<p>Sul sito ufficiale troverai incredibili offerte al &#8220;costo&#8221; di parquet prefinito e anche una sezione dedicata al parquet per esterni, parquet waterproof ed alla moquette.<\/p>\n<p>Visita il nostro <a href=\"https:\/\/www.parquetemoquette.it\/blog\/\">Parquet blog<\/a> ufficiale: la guida numero uno sul parquet ed i pavimenti in legno! <\/br> <\/br><br \/>\n<img loading=\"lazy\" decoding=\"async\" class=\"\" src=\"https:\/\/www.parquetemoquette.it\/img_parquet2011\/negozio-hp1_1.jpg\" alt=\"\" width=\"300\" height=\"193\" \/> <img loading=\"lazy\" decoding=\"async\" src=\"https:\/\/www.parquetemoquette.it\/img_parquet2011\/negozio-hp2_1.jpg\"  width=\"300\" height=\"193\" \/><\/p>\n","protected":false},"excerpt":{"rendered":"<p>Stocchisti Parquet Milano \u00e8 esperto in vendita pavimenti in legno e realt\u00e0 aziendale leader in italia nell&#8217;import e nella vendita di parquet prefiniti e tradizonali. Stocchisti \u00e8 Nata nel 1970 dall&#8217;idea del suo fondatore, il Sig. Gianfranco Rota che sotto il nome di Magazzino della Moquette, nel negozio storico di Viale Campania 7 a Milano [&hellip;]<\/p>\n","protected":false},"author":4,"featured_media":0,"parent":0,"menu_order":0,"comment_status":"closed","ping_status":"closed","template":"","meta":{"footnotes":""},"aioseo_notices":[],"_links":{"self":[{"href":"https:\/\/www.parquetemoquette.it\/blog\/index.php\/wp-json\/wp\/v2\/pages\/303"}],"collection":[{"href":"https:\/\/www.parquetemoquette.it\/blog\/index.php\/wp-json\/wp\/v2\/pages"}],"about":[{"href":"https:\/\/www.parquetemoquette.it\/blog\/index.php\/wp-json\/wp\/v2\/types\/page"}],"author":[{"embeddable":true,"href":"https:\/\/www.parquetemoquette.it\/blog\/index.php\/wp-json\/wp\/v2\/users\/4"}],"replies":[{"embeddable":true,"href":"https:\/\/www.parquetemoquette.it\/blog\/index.php\/wp-json\/wp\/v2\/comments?post=303"}],"version-history":[{"count":12,"href":"https:\/\/www.parquetemoquette.it\/blog\/index.php\/wp-json\/wp\/v2\/pages\/303\/revisions"}],"predecessor-version":[{"id":2736,"href":"https:\/\/www.parquetemoquette.it\/blog\/index.php\/wp-json\/wp\/v2\/pages\/303\/revisions\/2736"}],"wp:attachment":[{"href":"https:\/\/www.parquetemoquette.it\/blog\/index.php\/wp-json\/wp\/v2\/media?parent=303"}],"curies":[{"name":"wp","href":"https:\/\/api.w.org\/{rel}","templated":true}]}}